{"id":3287,"date":"2024-10-30T10:53:25","date_gmt":"2024-10-30T09:53:25","guid":{"rendered":"https:\/\/og-telecom.net\/?page_id=3287"},"modified":"2024-10-30T12:47:59","modified_gmt":"2024-10-30T11:47:59","slug":"3287-2","status":"publish","type":"page","link":"https:\/\/og-telecom.net\/index.php\/3287-2\/","title":{"rendered":"D\u00e9veloppement national"},"content":{"rendered":"<div class=\"wpb-content-wrapper\"><p>[vc_row][vc_column][vc_row_inner][vc_column_inner][vc_single_image image=&#8221;3323&#8243; img_size=&#8221;full&#8221; alignment=&#8221;center&#8221; css=&#8221;&#8221;][vc_empty_space][vc_column_text css=&#8221;&#8221;]<\/p>\n<div>\n<p style=\"text-align: center;\"><span style=\"color: #000000;\"><strong>OG TELECOM<\/strong> m\u00e8ne actuellement un <strong>ambitieux projet de d\u00e9veloppement national<\/strong> visant \u00e0 \u00e9tendre son r\u00e9seau d&#8217;agences,<br \/>\nnous sommes en <strong>recherche de nouveaux collaborateurs<\/strong> pour nous accompagner dans cette aventure.<br \/>\nChez <strong>OG TELECOM<\/strong>, nous construisons aujourd\u2019hui les r\u00e9seaux de demain, pour un avenir plus connect\u00e9 et inclusif.<\/span><\/p>\n<\/div>\n<div><\/div>\n<p>[\/vc_column_text][vc_empty_space][vc_empty_space][\/vc_column_inner][\/vc_row_inner][vc_single_image image=&#8221;3294&#8243; img_size=&#8221;large&#8221; alignment=&#8221;center&#8221; css=&#8221;&#8221;][vc_empty_space][vc_single_image image=&#8221;3293&#8243; img_size=&#8221;large&#8221; alignment=&#8221;center&#8221; css=&#8221;&#8221;][vc_empty_space][\/vc_column][\/vc_row]<\/p>\n<\/div>","protected":false},"excerpt":{"rendered":"<p>[vc_row][vc_column][vc_row_inner][vc_column_inner][vc_single_image image=&#8221;3323&#8243; img_size=&#8221;full&#8221; alignment=&#8221;center&#8221; css=&#8221;&#8221;][vc_empty_space][vc_column_text css=&#8221;&#8221;] OG TELECOM m\u00e8ne actuellement un ambitieux projet de d\u00e9veloppement national visant \u00e0 \u00e9tendre son r\u00e9seau d&#8217;agences, nous sommes en recherche de nouveaux collaborateurs pour&hellip;<\/p>\n","protected":false},"author":1,"featured_media":0,"parent":0,"menu_order":0,"comment_status":"closed","ping_status":"closed","template":"template-fullwidth.php","meta":{"footnotes":""},"class_list":["post-3287","page","type-page","status-publish","hentry","no-thumb"],"_links":{"self":[{"href":"https:\/\/og-telecom.net\/index.php\/wp-json\/wp\/v2\/pages\/3287","targetHints":{"allow":["GET"]}}],"collection":[{"href":"https:\/\/og-telecom.net\/index.php\/wp-json\/wp\/v2\/pages"}],"about":[{"href":"https:\/\/og-telecom.net\/index.php\/wp-json\/wp\/v2\/types\/page"}],"author":[{"embeddable":true,"href":"https:\/\/og-telecom.net\/index.php\/wp-json\/wp\/v2\/users\/1"}],"replies":[{"embeddable":true,"href":"https:\/\/og-telecom.net\/index.php\/wp-json\/wp\/v2\/comments?post=3287"}],"version-history":[{"count":15,"href":"https:\/\/og-telecom.net\/index.php\/wp-json\/wp\/v2\/pages\/3287\/revisions"}],"predecessor-version":[{"id":3322,"href":"https:\/\/og-telecom.net\/index.php\/wp-json\/wp\/v2\/pages\/3287\/revisions\/3322"}],"wp:attachment":[{"href":"https:\/\/og-telecom.net\/index.php\/wp-json\/wp\/v2\/media?parent=3287"}],"curies":[{"name":"wp","href":"https:\/\/api.w.org\/{rel}","templated":true}]}}