{"id":3255,"date":"2024-06-21T09:04:42","date_gmt":"2024-06-21T07:04:42","guid":{"rendered":"https:\/\/og-telecom.net\/?page_id=3255"},"modified":"2024-06-27T09:44:55","modified_gmt":"2024-06-27T07:44:55","slug":"information-cybersecurite","status":"publish","type":"page","link":"https:\/\/og-telecom.net\/index.php\/information-cybersecurite\/","title":{"rendered":"Informatique \/ Cyber s\u00e9curit\u00e9"},"content":{"rendered":"<div class=\"wpb-content-wrapper\"><p>[vc_row][vc_column][vc_row_inner][vc_column_inner width=&#8221;2\/3&#8243;][vc_single_image image=&#8221;3282&#8243; img_size=&#8221;full&#8221; alignment=&#8221;center&#8221; css_animation=&#8221;fadeIn&#8221; css=&#8221;&#8221;][vc_empty_space][vc_column_text css=&#8221;&#8221;]<\/p>\n<p style=\"text-align: center;\"><span style=\"color: #000000;\">Chez OG TELECOM, nous comprenons l&#8217;importance cruciale de vos donn\u00e9es.<\/span><br \/>\n<span style=\"color: #000000;\">C&#8217;est pourquoi nous avons d\u00e9velopp\u00e9 un service de sauvegarde informatique<\/span><br \/>\n<span style=\"color: #000000;\">\u00e0 la pointe de la technologie, con\u00e7u pour prot\u00e9ger vos informations les plus pr\u00e9cieuses.<\/span><br \/>\n<span style=\"color: #000000;\">Avec notre solution, b\u00e9n\u00e9ficiez d&#8217;une s\u00e9curit\u00e9 optimale, d&#8217;une fiabilit\u00e9 sans faille<\/span><br \/>\n<span style=\"color: #000000;\">et d&#8217;une accessibilit\u00e9 en tout temps. Que vous soyez une petite entreprise<\/span><br \/>\n<span style=\"color: #000000;\">ou une grande organisation, notre service s&#8217;adapte \u00e0 vos besoins sp\u00e9cifiques,<\/span><br \/>\n<span style=\"color: #000000;\">assurant une protection continue contre les pertes de donn\u00e9es.<\/span><\/p>\n<p style=\"text-align: center;\"><span style=\"color: #000000;\">Faites confiance \u00e0 OG TELECOM pour garantir la p\u00e9rennit\u00e9<\/span><br \/>\n<span style=\"color: #000000;\">de vos informations et la tranquillit\u00e9 d&#8217;esprit de votre entreprise.<\/span><\/p>\n<p>[\/vc_column_text][vc_empty_space][vc_single_image image=&#8221;3162&#8243; img_size=&#8221;full&#8221; alignment=&#8221;center&#8221; onclick=&#8221;custom_link&#8221; css_animation=&#8221;fadeInDown&#8221; css=&#8221;&#8221; link=&#8221;https:\/\/og-telecom.net\/index.php\/contact\/&#8221;][\/vc_column_inner][vc_column_inner width=&#8221;1\/3&#8243;][vc_single_image image=&#8221;3276&#8243; img_size=&#8221;full&#8221; alignment=&#8221;center&#8221; css=&#8221;&#8221;][\/vc_column_inner][\/vc_row_inner][\/vc_column][\/vc_row]<\/p>\n<\/div>","protected":false},"excerpt":{"rendered":"<p>[vc_row][vc_column][vc_row_inner][vc_column_inner width=&#8221;2\/3&#8243;][vc_single_image image=&#8221;3282&#8243; img_size=&#8221;full&#8221; alignment=&#8221;center&#8221; css_animation=&#8221;fadeIn&#8221; css=&#8221;&#8221;][vc_empty_space][vc_column_text css=&#8221;&#8221;] Chez OG TELECOM, nous comprenons l&#8217;importance cruciale de vos donn\u00e9es. C&#8217;est pourquoi nous avons d\u00e9velopp\u00e9 un service de sauvegarde informatique \u00e0 la&hellip;<\/p>\n","protected":false},"author":1,"featured_media":0,"parent":0,"menu_order":0,"comment_status":"closed","ping_status":"closed","template":"template-fullwidth.php","meta":{"footnotes":""},"class_list":["post-3255","page","type-page","status-publish","hentry","no-thumb"],"_links":{"self":[{"href":"https:\/\/og-telecom.net\/index.php\/wp-json\/wp\/v2\/pages\/3255","targetHints":{"allow":["GET"]}}],"collection":[{"href":"https:\/\/og-telecom.net\/index.php\/wp-json\/wp\/v2\/pages"}],"about":[{"href":"https:\/\/og-telecom.net\/index.php\/wp-json\/wp\/v2\/types\/page"}],"author":[{"embeddable":true,"href":"https:\/\/og-telecom.net\/index.php\/wp-json\/wp\/v2\/users\/1"}],"replies":[{"embeddable":true,"href":"https:\/\/og-telecom.net\/index.php\/wp-json\/wp\/v2\/comments?post=3255"}],"version-history":[{"count":9,"href":"https:\/\/og-telecom.net\/index.php\/wp-json\/wp\/v2\/pages\/3255\/revisions"}],"predecessor-version":[{"id":3283,"href":"https:\/\/og-telecom.net\/index.php\/wp-json\/wp\/v2\/pages\/3255\/revisions\/3283"}],"wp:attachment":[{"href":"https:\/\/og-telecom.net\/index.php\/wp-json\/wp\/v2\/media?parent=3255"}],"curies":[{"name":"wp","href":"https:\/\/api.w.org\/{rel}","templated":true}]}}