{"id":1551,"date":"2016-10-14T08:52:38","date_gmt":"2016-10-14T08:52:38","guid":{"rendered":"http:\/\/localhost\/factoryplus\/?page_id=1551"},"modified":"2025-07-18T17:41:21","modified_gmt":"2025-07-18T15:41:21","slug":"realisations","status":"publish","type":"page","link":"https:\/\/og-telecom.net\/index.php\/realisations\/","title":{"rendered":"Nos r\u00e9alisations"},"content":{"rendered":"<div class=\"wpb-content-wrapper\"><p>[vc_row css=&#8221;.vc_custom_1486635788982{padding-top: 80px !important;padding-bottom: 40px !important;}&#8221;][vc_column][vc_row_inner][vc_column_inner][vc_column_text css=&#8221;&#8221;]<\/p>\n<h1 style=\"text-align: center;\">D\u00e9couvrez nos r\u00e9alisations avant \/ apr\u00e8s<\/h1>\n<p>[\/vc_column_text][vc_empty_space][vc_column_text css=&#8221;&#8221;]<\/p>\n<h2 style=\"text-align: center;\"><span style=\"color: #003188;\"><img loading=\"lazy\" decoding=\"async\" class=\"aligncenter wp-image-3236 size-full\" src=\"http:\/\/og-telecom.net\/wp-content\/uploads\/2024\/06\/icone-page-real-01.jpg\" alt=\"\" width=\"246\" height=\"160\" \/>Standard T\u00e9l\u00e9phonique<\/span><\/h2>\n<p style=\"text-align: center;\"><span style=\"color: #000000;\">Installation neuve et op\u00e9rationnelle<\/span><br \/>\n<span style=\"color: #000000;\">Optimisation d&#8217;espace<\/span><\/p>\n<p>[\/vc_column_text][vc_empty_space][vc_single_image image=&#8221;3363&#8243; img_size=&#8221;full&#8221; alignment=&#8221;center&#8221; css=&#8221;&#8221;][vc_empty_space][vc_single_image image=&#8221;3364&#8243; img_size=&#8221;full&#8221; alignment=&#8221;center&#8221; css=&#8221;&#8221;][vc_empty_space][vc_single_image image=&#8221;3094&#8243; img_size=&#8221;full&#8221; alignment=&#8221;center&#8221; css=&#8221;&#8221;][vc_empty_space][vc_single_image image=&#8221;3250&#8243; img_size=&#8221;full&#8221; alignment=&#8221;center&#8221; css=&#8221;&#8221;][vc_empty_space][vc_single_image image=&#8221;3095&#8243; img_size=&#8221;full&#8221; alignment=&#8221;center&#8221; css=&#8221;&#8221;][vc_empty_space][vc_single_image image=&#8221;3096&#8243; img_size=&#8221;full&#8221; alignment=&#8221;center&#8221; css=&#8221;&#8221;][vc_empty_space][vc_single_image image=&#8221;3097&#8243; img_size=&#8221;full&#8221; alignment=&#8221;center&#8221; css=&#8221;&#8221;][vc_empty_space][vc_single_image image=&#8221;3107&#8243; img_size=&#8221;full&#8221; alignment=&#8221;center&#8221; css=&#8221;&#8221;][vc_empty_space][vc_single_image image=&#8221;3246&#8243; img_size=&#8221;full&#8221; alignment=&#8221;center&#8221; css=&#8221;&#8221;][vc_empty_space][vc_single_image image=&#8221;3263&#8243; img_size=&#8221;full&#8221; alignment=&#8221;center&#8221; css=&#8221;&#8221;][vc_empty_space][vc_single_image image=&#8221;3264&#8243; img_size=&#8221;full&#8221; alignment=&#8221;center&#8221; css=&#8221;&#8221;][vc_empty_space][vc_column_text css=&#8221;&#8221;]<\/p>\n<h2 style=\"text-align: center;\"><span style=\"color: #003188;\"><img loading=\"lazy\" decoding=\"async\" class=\"aligncenter wp-image-3238 size-full\" src=\"http:\/\/og-telecom.net\/wp-content\/uploads\/2024\/06\/icone-page-real-03.jpg\" alt=\"\" width=\"246\" height=\"161\" \/>Informatique<\/span><\/h2>\n<p style=\"text-align: center;\"><span style=\"color: #000000;\">Installation fibre tr\u00e8s haut d\u00e9bit<br \/>\nSolution d\u2019internet satellite<br \/>\n(Nord Net \u2013 Star Link \u2013 Routeur 4 G)<br \/>\nSauvegarde Informatique (Dell)<br \/>\nCyber s\u00e9curit\u00e9<br \/>\nC\u00e2blage R\u00e9seau<br \/>\nCourant Faible<br \/>\nBaie de brassage<br \/>\nMise aux normes du c\u00e2blage<br \/>\nOptimisation du r\u00e9seau Wi-Fi<br \/>\n<\/span><\/p>\n<p>[\/vc_column_text][vc_empty_space][vc_single_image image=&#8221;3365&#8243; img_size=&#8221;full&#8221; alignment=&#8221;center&#8221; css=&#8221;&#8221;][vc_empty_space][vc_single_image image=&#8221;3377&#8243; img_size=&#8221;full&#8221; alignment=&#8221;center&#8221; css=&#8221;&#8221;][vc_empty_space][vc_single_image image=&#8221;3366&#8243; img_size=&#8221;full&#8221; alignment=&#8221;center&#8221; css=&#8221;&#8221;][vc_empty_space][vc_single_image image=&#8221;3379&#8243; img_size=&#8221;full&#8221; alignment=&#8221;center&#8221; css=&#8221;&#8221;][vc_empty_space][vc_single_image image=&#8221;3248&#8243; img_size=&#8221;full&#8221; alignment=&#8221;center&#8221; css=&#8221;&#8221;][vc_empty_space][vc_single_image image=&#8221;3247&#8243; img_size=&#8221;full&#8221; alignment=&#8221;center&#8221; css=&#8221;&#8221;][vc_empty_space][vc_single_image image=&#8221;3108&#8243; img_size=&#8221;full&#8221; alignment=&#8221;center&#8221; css=&#8221;&#8221;][vc_empty_space][vc_single_image image=&#8221;3109&#8243; img_size=&#8221;full&#8221; alignment=&#8221;center&#8221; css=&#8221;&#8221;][vc_empty_space][vc_single_image image=&#8221;3111&#8243; img_size=&#8221;full&#8221; alignment=&#8221;center&#8221; css=&#8221;&#8221;][vc_empty_space][vc_single_image image=&#8221;3265&#8243; img_size=&#8221;full&#8221; alignment=&#8221;center&#8221; css=&#8221;&#8221;][vc_empty_space][vc_column_text css=&#8221;&#8221;]<\/p>\n<h2 style=\"text-align: center;\"><span style=\"color: #003188;\"><img loading=\"lazy\" decoding=\"async\" class=\"aligncenter wp-image-3237 size-full\" src=\"http:\/\/og-telecom.net\/wp-content\/uploads\/2024\/06\/icone-page-real-02.jpg\" alt=\"\" width=\"246\" height=\"160\" \/>Vid\u00e9o surveillance<br \/>\nAlarme anti-intrusion<\/span><\/h2>\n<p style=\"text-align: center;\"><span style=\"color: #000000;\">Surveillance des zones sensibles<\/span><br \/>\n<span style=\"color: #000000;\">Lev\u00e9e de doute vid\u00e9o<\/span><br \/>\n<span style=\"color: #000000;\">S\u00e9curit\u00e9 des biens et des personnes<\/span><br \/>\n<span style=\"color: #000000;\">Enregistrement automatique<\/span><\/p>\n<p>[\/vc_column_text][vc_empty_space][vc_single_image image=&#8221;3120&#8243; img_size=&#8221;full&#8221; alignment=&#8221;center&#8221; css=&#8221;&#8221;][vc_empty_space][vc_single_image image=&#8221;3119&#8243; img_size=&#8221;full&#8221; alignment=&#8221;center&#8221; css=&#8221;&#8221;][vc_empty_space][vc_single_image image=&#8221;3121&#8243; img_size=&#8221;full&#8221; alignment=&#8221;center&#8221; css=&#8221;&#8221;][vc_empty_space][vc_single_image image=&#8221;3122&#8243; img_size=&#8221;full&#8221; alignment=&#8221;center&#8221; css=&#8221;&#8221;][vc_empty_space][vc_single_image image=&#8221;3124&#8243; img_size=&#8221;full&#8221; alignment=&#8221;center&#8221; css=&#8221;&#8221;][vc_empty_space][vc_single_image image=&#8221;3229&#8243; img_size=&#8221;full&#8221; alignment=&#8221;center&#8221; css=&#8221;&#8221;][vc_empty_space][vc_single_image image=&#8221;3231&#8243; img_size=&#8221;full&#8221; alignment=&#8221;center&#8221; css=&#8221;&#8221;][vc_empty_space][vc_single_image image=&#8221;3230&#8243; img_size=&#8221;full&#8221; alignment=&#8221;center&#8221; css=&#8221;&#8221;][vc_empty_space][vc_single_image image=&#8221;3232&#8243; img_size=&#8221;full&#8221; alignment=&#8221;center&#8221; css=&#8221;&#8221;][vc_empty_space][vc_column_text css=&#8221;&#8221;]<\/p>\n<h2 style=\"text-align: center;\"><span style=\"color: #003188;\"><img loading=\"lazy\" decoding=\"async\" class=\"aligncenter wp-image-3261 size-full\" src=\"http:\/\/og-telecom.net\/wp-content\/uploads\/2024\/06\/icone-page-real-imp-04.jpg\" alt=\"\" width=\"246\" height=\"161\" \/>Copieur multifonctions<\/span><\/h2>\n<p>[\/vc_column_text][vc_empty_space][vc_single_image image=&#8221;3266&#8243; img_size=&#8221;full&#8221; alignment=&#8221;center&#8221; css=&#8221;&#8221;][vc_empty_space][vc_single_image image=&#8221;3262&#8243; img_size=&#8221;full&#8221; alignment=&#8221;center&#8221; css=&#8221;&#8221;][vc_empty_space][vc_single_image image=&#8221;3373&#8243; img_size=&#8221;full&#8221; alignment=&#8221;center&#8221; css=&#8221;&#8221;][\/vc_column_inner][\/vc_row_inner][\/vc_column][\/vc_row]<\/p>\n<\/div>","protected":false},"excerpt":{"rendered":"<p>[vc_row css=&#8221;.vc_custom_1486635788982{padding-top: 80px !important;padding-bottom: 40px !important;}&#8221;][vc_column][vc_row_inner][vc_column_inner][vc_column_text css=&#8221;&#8221;] D\u00e9couvrez nos r\u00e9alisations avant \/ apr\u00e8s [\/vc_column_text][vc_empty_space][vc_column_text css=&#8221;&#8221;] Standard T\u00e9l\u00e9phonique Installation neuve et op\u00e9rationnelle Optimisation d&#8217;espace [\/vc_column_text][vc_empty_space][vc_single_image image=&#8221;3363&#8243; img_size=&#8221;full&#8221; alignment=&#8221;center&#8221; css=&#8221;&#8221;][vc_empty_space][vc_single_image image=&#8221;3364&#8243; img_size=&#8221;full&#8221;&hellip;<\/p>\n","protected":false},"author":1,"featured_media":0,"parent":0,"menu_order":0,"comment_status":"closed","ping_status":"closed","template":"template-fullwidth.php","meta":{"footnotes":""},"class_list":["post-1551","page","type-page","status-publish","hentry","no-thumb"],"_links":{"self":[{"href":"https:\/\/og-telecom.net\/index.php\/wp-json\/wp\/v2\/pages\/1551","targetHints":{"allow":["GET"]}}],"collection":[{"href":"https:\/\/og-telecom.net\/index.php\/wp-json\/wp\/v2\/pages"}],"about":[{"href":"https:\/\/og-telecom.net\/index.php\/wp-json\/wp\/v2\/types\/page"}],"author":[{"embeddable":true,"href":"https:\/\/og-telecom.net\/index.php\/wp-json\/wp\/v2\/users\/1"}],"replies":[{"embeddable":true,"href":"https:\/\/og-telecom.net\/index.php\/wp-json\/wp\/v2\/comments?post=1551"}],"version-history":[{"count":41,"href":"https:\/\/og-telecom.net\/index.php\/wp-json\/wp\/v2\/pages\/1551\/revisions"}],"predecessor-version":[{"id":3381,"href":"https:\/\/og-telecom.net\/index.php\/wp-json\/wp\/v2\/pages\/1551\/revisions\/3381"}],"wp:attachment":[{"href":"https:\/\/og-telecom.net\/index.php\/wp-json\/wp\/v2\/media?parent=1551"}],"curies":[{"name":"wp","href":"https:\/\/api.w.org\/{rel}","templated":true}]}}