{"id":1547,"date":"2016-10-14T08:46:01","date_gmt":"2016-10-14T08:46:01","guid":{"rendered":"http:\/\/localhost\/factoryplus\/?page_id=1547"},"modified":"2024-06-28T09:21:21","modified_gmt":"2024-06-28T07:21:21","slug":"internet","status":"publish","type":"page","link":"https:\/\/og-telecom.net\/index.php\/internet\/","title":{"rendered":"fixe-mobile-fibre"},"content":{"rendered":"<div class=\"wpb-content-wrapper\"><p>[vc_row css=&#8221;.vc_custom_1486635885692{padding-top: 80px !important;padding-bottom: 50px !important;}&#8221;][vc_column][vc_row_inner css=&#8221;.vc_custom_1476434756827{margin-bottom: 30px !important;}&#8221;][vc_column_inner width=&#8221;2\/3&#8243;][vc_single_image image=&#8221;3068&#8243; img_size=&#8221;full&#8221; alignment=&#8221;center&#8221; css=&#8221;&#8221;][vc_column_text css=&#8221;&#8221;]<\/p>\n<p style=\"text-align: center;\"><span style=\"color: #000000;\">Aujourd\u2019hui, Internet est au c\u0153ur de l\u2019entreprise, nos <strong>offres Internet haut d\u00e9bit fibre et wifi<\/strong><br \/>\nvont vous faciliter votre travail collaboratif et vos \u00e9changes num\u00e9riques au sein de votre structure.<\/span><br \/>\n<span style=\"color: #000000;\">envoie volumineux, partage de donn\u00e9es, vous gagnerez en souplesse, en rapidit\u00e9 et en efficacit\u00e9,<br \/>\n\u00e0 l\u2019int\u00e9rieur comme \u00e0 l\u2019ext\u00e9rieur de votre entreprise.<\/span><\/p>\n<p>[\/vc_column_text][vc_single_image image=&#8221;3162&#8243; img_size=&#8221;full&#8221; alignment=&#8221;center&#8221; onclick=&#8221;custom_link&#8221; css=&#8221;&#8221; link=&#8221;https:\/\/og-telecom.net\/index.php\/contact\/&#8221;][\/vc_column_inner][vc_column_inner width=&#8221;1\/3&#8243;][vc_single_image image=&#8221;2963&#8243; img_size=&#8221;full&#8221; alignment=&#8221;center&#8221; css=&#8221;&#8221;][\/vc_column_inner][\/vc_row_inner][\/vc_column][\/vc_row]<\/p>\n<\/div>","protected":false},"excerpt":{"rendered":"<p>[vc_row css=&#8221;.vc_custom_1486635885692{padding-top: 80px !important;padding-bottom: 50px !important;}&#8221;][vc_column][vc_row_inner css=&#8221;.vc_custom_1476434756827{margin-bottom: 30px !important;}&#8221;][vc_column_inner width=&#8221;2\/3&#8243;][vc_single_image image=&#8221;3068&#8243; img_size=&#8221;full&#8221; alignment=&#8221;center&#8221; css=&#8221;&#8221;][vc_column_text css=&#8221;&#8221;] Aujourd\u2019hui, Internet est au c\u0153ur de l\u2019entreprise, nos offres Internet haut d\u00e9bit fibre et wifi&hellip;<\/p>\n","protected":false},"author":1,"featured_media":0,"parent":0,"menu_order":0,"comment_status":"closed","ping_status":"closed","template":"template-fullwidth.php","meta":{"footnotes":""},"class_list":["post-1547","page","type-page","status-publish","hentry","no-thumb"],"_links":{"self":[{"href":"https:\/\/og-telecom.net\/index.php\/wp-json\/wp\/v2\/pages\/1547","targetHints":{"allow":["GET"]}}],"collection":[{"href":"https:\/\/og-telecom.net\/index.php\/wp-json\/wp\/v2\/pages"}],"about":[{"href":"https:\/\/og-telecom.net\/index.php\/wp-json\/wp\/v2\/types\/page"}],"author":[{"embeddable":true,"href":"https:\/\/og-telecom.net\/index.php\/wp-json\/wp\/v2\/users\/1"}],"replies":[{"embeddable":true,"href":"https:\/\/og-telecom.net\/index.php\/wp-json\/wp\/v2\/comments?post=1547"}],"version-history":[{"count":10,"href":"https:\/\/og-telecom.net\/index.php\/wp-json\/wp\/v2\/pages\/1547\/revisions"}],"predecessor-version":[{"id":3284,"href":"https:\/\/og-telecom.net\/index.php\/wp-json\/wp\/v2\/pages\/1547\/revisions\/3284"}],"wp:attachment":[{"href":"https:\/\/og-telecom.net\/index.php\/wp-json\/wp\/v2\/media?parent=1547"}],"curies":[{"name":"wp","href":"https:\/\/api.w.org\/{rel}","templated":true}]}}