{"id":1335,"date":"2016-10-08T12:58:53","date_gmt":"2016-10-08T12:58:53","guid":{"rendered":"http:\/\/localhost\/factoryplus\/?page_id=1335"},"modified":"2025-03-09T12:22:13","modified_gmt":"2025-03-09T11:22:13","slug":"home-page-4","status":"publish","type":"page","link":"https:\/\/og-telecom.net\/","title":{"rendered":"accueil"},"content":{"rendered":"<div class=\"wpb-content-wrapper\"><p>[vc_row full_width=&#8221;stretch_row_content_no_spaces&#8221;][vc_column][rev_slider_vc alias=&#8221;slider_homepage_4&#8243;][\/vc_column][\/vc_row][vc_row css=&#8221;.vc_custom_1716552645352{padding-top: 30px !important;padding-bottom: 30px !important;}&#8221;][vc_column el_class=&#8221;fp-about-desc&#8221; css=&#8221;.vc_custom_1479962267550{padding-left: 45px !important;}&#8221;][vc_column_text css=&#8221;.vc_custom_1716552252172{margin-bottom: 30px !important;}&#8221; el_class=&#8221;fp-main-text&#8221;]<\/p>\n<h3 class=\"main-color\" style=\"line-height: 40px; font-size: 30px; font-weight: 400; text-align: center;\"><img loading=\"lazy\" decoding=\"async\" class=\"size-full wp-image-2969 aligncenter\" src=\"http:\/\/og-telecom.net\/wp-content\/uploads\/2024\/05\/icone-telephone-vert-01.png\" alt=\"\" width=\"51\" height=\"41\" \/><strong>QUI SOMMES-NOUS<\/strong><\/h3>\n<p>[\/vc_column_text][vc_column_text css=&#8221;.vc_custom_1741519224960{margin-bottom: 30px !important;}&#8221;]<\/p>\n<p style=\"text-align: center;\"><span style=\"color: #000000;\">Depuis plus de 10 ans, <strong>OG TELECOM<\/strong> est une soci\u00e9t\u00e9 innovante, sp\u00e9cialis\u00e9e dans les solutions globales<\/span><br \/>\n<span style=\"color: #000000;\">de t\u00e9l\u00e9communication pour <strong>petites, moyennes et grandes entreprises<\/strong>.<\/span><br \/>\n<span style=\"color: #000000;\">Proche de ses clients et toujours \u00e0 l\u2019\u00e9coute du march\u00e9, nous proposons des services adapt\u00e9s au meilleur co\u00fbt.<\/span><br \/>\n<span style=\"color: #000000;\">OG TELECOM, c\u2019est avant tout la force d\u2019un grand groupe avec <strong>la flexibilit\u00e9 d\u2019une PME<\/strong>.<\/span><\/p>\n<p><img loading=\"lazy\" decoding=\"async\" class=\"aligncenter size-full wp-image-2998\" src=\"http:\/\/og-telecom.net\/wp-content\/uploads\/2024\/05\/OGTEL-a-vos-cotes-01.png\" alt=\"\" width=\"457\" height=\"136\" srcset=\"https:\/\/og-telecom.net\/wp-content\/uploads\/2024\/05\/OGTEL-a-vos-cotes-01.png 457w, https:\/\/og-telecom.net\/wp-content\/uploads\/2024\/05\/OGTEL-a-vos-cotes-01-300x89.png 300w\" sizes=\"auto, (max-width: 457px) 100vw, 457px\" \/>[\/vc_column_text][\/vc_column][\/vc_row][vc_row css=&#8221;.vc_custom_1478076314851{border-top-width: 1px !important;padding-top: 70px !important;padding-bottom: 40px !important;background-position: center !important;background-repeat: no-repeat !important;background-size: cover !important;border-top-color: #f7f7f7 !important;border-top-style: solid !important;}&#8221;][vc_column width=&#8221;1\/4&#8243; css=&#8221;.vc_custom_1476154065911{padding-top: 10px !important;}&#8221;][\/vc_column][vc_column width=&#8221;1\/2&#8243;][vc_video link=&#8221;https:\/\/vimeo.com\/952248736?share=copy&#8221; css=&#8221;&#8221;][\/vc_column][vc_column width=&#8221;1\/4&#8243;][\/vc_column][\/vc_row][vc_row disable_element=&#8221;yes&#8221; css=&#8221;.vc_custom_1740564135909{padding-top: 30px !important;padding-bottom: 30px !important;}&#8221;][vc_column el_class=&#8221;fp-about-desc&#8221; css=&#8221;.vc_custom_1479962267550{padding-left: 45px !important;}&#8221;][vc_column_text css=&#8221;.vc_custom_1716555630594{margin-bottom: 30px !important;}&#8221; el_class=&#8221;fp-main-text&#8221;]<\/p>\n<h3 class=\"main-color\" style=\"line-height: 40px; font-size: 30px; font-weight: 400; text-align: center;\"><img loading=\"lazy\" decoding=\"async\" class=\"size-full wp-image-2969 aligncenter\" src=\"http:\/\/og-telecom.net\/wp-content\/uploads\/2024\/05\/icone-telephone-vert-01.png\" alt=\"\" width=\"51\" height=\"41\" \/><strong>UNE EQUIPE A VOTRE ECOUTE<\/strong><\/h3>\n<p>[\/vc_column_text][vc_column_text css=&#8221;.vc_custom_1716814441654{margin-bottom: 30px !important;}&#8221;]<\/p>\n<p style=\"text-align: center;\"><span style=\"color: #000000;\"><strong>OG TELECOM<\/strong>, c\u2019est aussi une \u00e9quipe soud\u00e9e au plus proche de ses clients<\/span><br \/>\n<span style=\"color: #000000;\">pour un maximum de r\u00e9activit\u00e9 et de service.<\/span><\/p>\n<p>[\/vc_column_text][vc_row_inner][vc_column_inner width=&#8221;1\/4&#8243;][vc_single_image image=&#8221;3241&#8243; img_size=&#8221;full&#8221; alignment=&#8221;center&#8221; css_animation=&#8221;fadeIn&#8221; css=&#8221;&#8221;][\/vc_column_inner][vc_column_inner width=&#8221;1\/4&#8243;][vc_single_image image=&#8221;3205&#8243; img_size=&#8221;full&#8221; alignment=&#8221;center&#8221; css_animation=&#8221;fadeIn&#8221; css=&#8221;&#8221;][\/vc_column_inner][vc_column_inner width=&#8221;1\/4&#8243;][vc_single_image image=&#8221;3206&#8243; img_size=&#8221;full&#8221; alignment=&#8221;center&#8221; css_animation=&#8221;fadeIn&#8221; css=&#8221;&#8221;][\/vc_column_inner][vc_column_inner width=&#8221;1\/4&#8243;][vc_single_image image=&#8221;3058&#8243; img_size=&#8221;full&#8221; alignment=&#8221;center&#8221; css_animation=&#8221;fadeIn&#8221; css=&#8221;&#8221;][\/vc_column_inner][\/vc_row_inner][vc_row_inner][vc_column_inner width=&#8221;1\/4&#8243;][vc_single_image image=&#8221;3211&#8243; img_size=&#8221;full&#8221; alignment=&#8221;center&#8221; css_animation=&#8221;fadeIn&#8221; css=&#8221;&#8221;][\/vc_column_inner][vc_column_inner width=&#8221;1\/4&#8243;][vc_single_image image=&#8221;3326&#8243; img_size=&#8221;full&#8221; alignment=&#8221;center&#8221; css_animation=&#8221;fadeIn&#8221; css=&#8221;&#8221;][\/vc_column_inner][vc_column_inner width=&#8221;1\/4&#8243;][vc_single_image image=&#8221;3064&#8243; img_size=&#8221;full&#8221; alignment=&#8221;center&#8221; css_animation=&#8221;fadeIn&#8221; css=&#8221;&#8221;][\/vc_column_inner][vc_column_inner width=&#8221;1\/4&#8243;][vc_single_image image=&#8221;3061&#8243; img_size=&#8221;full&#8221; alignment=&#8221;center&#8221; css_animation=&#8221;fadeIn&#8221; css=&#8221;&#8221;][\/vc_column_inner][\/vc_row_inner][vc_row_inner][vc_column_inner width=&#8221;1\/4&#8243;][vc_single_image image=&#8221;3063&#8243; img_size=&#8221;full&#8221; alignment=&#8221;center&#8221; css_animation=&#8221;fadeIn&#8221; css=&#8221;&#8221;][\/vc_column_inner][vc_column_inner width=&#8221;1\/4&#8243;][vc_single_image image=&#8221;3062&#8243; img_size=&#8221;full&#8221; alignment=&#8221;center&#8221; css_animation=&#8221;fadeIn&#8221; css=&#8221;&#8221;][\/vc_column_inner][\/vc_row_inner][\/vc_column][\/vc_row][vc_row css=&#8221;.vc_custom_1716552645352{padding-top: 30px !important;padding-bottom: 30px !important;}&#8221;][vc_column el_class=&#8221;fp-about-desc&#8221; css=&#8221;.vc_custom_1479962267550{padding-left: 45px !important;}&#8221;][vc_column_text css=&#8221;.vc_custom_1716554963213{margin-bottom: 30px !important;}&#8221; el_class=&#8221;fp-main-text&#8221;]<\/p>\n<h3 class=\"main-color\" style=\"line-height: 40px; font-size: 30px; font-weight: 400; text-align: center;\"><img loading=\"lazy\" decoding=\"async\" class=\"size-full wp-image-2969 aligncenter\" src=\"http:\/\/og-telecom.net\/wp-content\/uploads\/2024\/05\/icone-telephone-vert-01.png\" alt=\"\" width=\"51\" height=\"41\" \/><strong>NOS ATOUTS<\/strong><\/h3>\n<p>[\/vc_column_text][vc_column_text css=&#8221;.vc_custom_1716814475005{margin-bottom: 30px !important;}&#8221;]<\/p>\n<p style=\"text-align: center;\"><span style=\"color: #000000;\">Pourquoi choisir <strong>OG TELECOM<\/strong> ?<\/span><br \/>\n<span style=\"color: #000000;\">Notre r\u00e9activit\u00e9 et notre s\u00e9rieux sont les cl\u00e9s de la satisfaction de nos clients,<\/span><br \/>\n<span style=\"color: #000000;\">notre proximit\u00e9 fait de nous un interlocuteur unique pour<strong> vous apporter les meilleures solutions<\/strong>.<\/span><\/p>\n<p>[\/vc_column_text][vc_row_inner][vc_column_inner width=&#8221;1\/4&#8243;][vc_single_image image=&#8221;3008&#8243; img_size=&#8221;251x190px&#8221; alignment=&#8221;center&#8221; css_animation=&#8221;fadeIn&#8221; css=&#8221;&#8221;][\/vc_column_inner][vc_column_inner width=&#8221;1\/4&#8243;][vc_single_image image=&#8221;3009&#8243; img_size=&#8221;full&#8221; alignment=&#8221;center&#8221; css_animation=&#8221;fadeIn&#8221; css=&#8221;&#8221;][\/vc_column_inner][vc_column_inner width=&#8221;1\/4&#8243;][vc_single_image image=&#8221;3010&#8243; img_size=&#8221;full&#8221; alignment=&#8221;center&#8221; css_animation=&#8221;fadeIn&#8221; css=&#8221;&#8221;][\/vc_column_inner][vc_column_inner width=&#8221;1\/4&#8243;][vc_single_image image=&#8221;3011&#8243; img_size=&#8221;full&#8221; alignment=&#8221;center&#8221; css_animation=&#8221;fadeIn&#8221; css=&#8221;&#8221;][\/vc_column_inner][\/vc_row_inner][\/vc_column][\/vc_row]<\/p>\n<\/div>","protected":false},"excerpt":{"rendered":"<p>[vc_row full_width=&#8221;stretch_row_content_no_spaces&#8221;][vc_column][rev_slider_vc alias=&#8221;slider_homepage_4&#8243;][\/vc_column][\/vc_row][vc_row css=&#8221;.vc_custom_1716552645352{padding-top: 30px !important;padding-bottom: 30px !important;}&#8221;][vc_column el_class=&#8221;fp-about-desc&#8221; css=&#8221;.vc_custom_1479962267550{padding-left: 45px !important;}&#8221;][vc_column_text css=&#8221;.vc_custom_1716552252172{margin-bottom: 30px !important;}&#8221; el_class=&#8221;fp-main-text&#8221;] QUI SOMMES-NOUS [\/vc_column_text][vc_column_text css=&#8221;.vc_custom_1741519224960{margin-bottom: 30px !important;}&#8221;] Depuis plus de 10 ans, OG TELECOM est&hellip;<\/p>\n","protected":false},"author":1,"featured_media":0,"parent":0,"menu_order":0,"comment_status":"closed","ping_status":"closed","template":"template-fullwidth.php","meta":{"footnotes":""},"class_list":["post-1335","page","type-page","status-publish","hentry","no-thumb"],"_links":{"self":[{"href":"https:\/\/og-telecom.net\/index.php\/wp-json\/wp\/v2\/pages\/1335","targetHints":{"allow":["GET"]}}],"collection":[{"href":"https:\/\/og-telecom.net\/index.php\/wp-json\/wp\/v2\/pages"}],"about":[{"href":"https:\/\/og-telecom.net\/index.php\/wp-json\/wp\/v2\/types\/page"}],"author":[{"embeddable":true,"href":"https:\/\/og-telecom.net\/index.php\/wp-json\/wp\/v2\/users\/1"}],"replies":[{"embeddable":true,"href":"https:\/\/og-telecom.net\/index.php\/wp-json\/wp\/v2\/comments?post=1335"}],"version-history":[{"count":40,"href":"https:\/\/og-telecom.net\/index.php\/wp-json\/wp\/v2\/pages\/1335\/revisions"}],"predecessor-version":[{"id":3351,"href":"https:\/\/og-telecom.net\/index.php\/wp-json\/wp\/v2\/pages\/1335\/revisions\/3351"}],"wp:attachment":[{"href":"https:\/\/og-telecom.net\/index.php\/wp-json\/wp\/v2\/media?parent=1335"}],"curies":[{"name":"wp","href":"https:\/\/api.w.org\/{rel}","templated":true}]}}