{"id":1322,"date":"2016-10-08T03:51:19","date_gmt":"2016-10-08T03:51:19","guid":{"rendered":"http:\/\/localhost\/factoryplus\/?page_id=1322"},"modified":"2024-05-28T16:20:37","modified_gmt":"2024-05-28T14:20:37","slug":"standardtelephonique","status":"publish","type":"page","link":"https:\/\/og-telecom.net\/index.php\/standardtelephonique\/","title":{"rendered":"Standard t\u00e9l\u00e9phonique"},"content":{"rendered":"<div class=\"wpb-content-wrapper\"><p>[vc_row][vc_column][vc_empty_space][vc_single_image image=&#8221;3067&#8243; img_size=&#8221;full&#8221; alignment=&#8221;center&#8221; css=&#8221;&#8221;][vc_empty_space][vc_column_text css=&#8221;&#8221;]<\/p>\n<p style=\"text-align: center;\"><span style=\"color: #000000;\"><strong>OG TELECOM<\/strong> s&#8217;engage \u00e0 offrir des solutions de communication de pointe pour les entreprises de toutes tailles.<br \/>\nNous proposons des services complets de fourniture et d\u2019installation de standards t\u00e9l\u00e9phoniques,<br \/>\nadapt\u00e9s aux besoins sp\u00e9cifiques des TPE, PME et grands groupes.<\/span><\/p>\n<p style=\"text-align: center;\"><strong><span style=\"color: #000000;\">B\u00e9n\u00e9fices et Avantages de notre Solution :<\/span><\/strong><br \/>\n<strong><span style=\"color: #000000;\">Qualit\u00e9 de Communication Sup\u00e9rieure<\/span><\/strong><br \/>\n<strong><span style=\"color: #000000;\">Flexibilit\u00e9 et Adaptabilit\u00e9<\/span><\/strong><br \/>\n<strong><span style=\"color: #000000;\">Productivit\u00e9 Am\u00e9lior\u00e9e<\/span><\/strong><br \/>\n<strong><span style=\"color: #000000;\">R\u00e9duction des Co\u00fbts<\/span><\/strong><br \/>\n<strong><span style=\"color: #000000;\">Support Technique et Maintenance r\u00e9actifs<\/span><\/strong><br \/>\n<strong><span style=\"color: #000000;\">S\u00e9curit\u00e9 et Fiabilit\u00e9<\/span><\/strong><br \/>\n<strong><span style=\"color: #000000;\">Int\u00e9gration Facile<\/span><\/strong><\/p>\n<p style=\"text-align: center;\"><span style=\"color: #000000;\">Choisir OG TELECOM pour la fourniture et l\u2019installation de votre standard t\u00e9l\u00e9phonique fixe et mobile,<br \/>\nc&#8217;est opter pour une <strong>solution flexible, \u00e9conomique et fiable<\/strong> qui optimise vos communications d&#8217;entreprise.<\/span><\/p>\n<p>[\/vc_column_text][vc_empty_space][\/vc_column][\/vc_row][vc_row][vc_column width=&#8221;1\/3&#8243;][vc_single_image image=&#8221;2956&#8243; img_size=&#8221;full&#8221; alignment=&#8221;center&#8221; css_animation=&#8221;fadeInUp&#8221; css=&#8221;&#8221;][\/vc_column][vc_column width=&#8221;1\/3&#8243;][vc_single_image image=&#8221;3195&#8243; img_size=&#8221;full&#8221; alignment=&#8221;center&#8221; onclick=&#8221;custom_link&#8221; css_animation=&#8221;fadeInUp&#8221; css=&#8221;&#8221; link=&#8221;https:\/\/og-telecom.net\/index.php\/contact\/&#8221;][\/vc_column][vc_column width=&#8221;1\/3&#8243;][vc_single_image image=&#8221;2957&#8243; img_size=&#8221;full&#8221; alignment=&#8221;center&#8221; css_animation=&#8221;fadeInUp&#8221; css=&#8221;&#8221;][\/vc_column][\/vc_row][vc_row][vc_column][vc_empty_space][\/vc_column][\/vc_row]<\/p>\n<\/div>","protected":false},"excerpt":{"rendered":"<p>[vc_row][vc_column][vc_empty_space][vc_single_image image=&#8221;3067&#8243; img_size=&#8221;full&#8221; alignment=&#8221;center&#8221; css=&#8221;&#8221;][vc_empty_space][vc_column_text css=&#8221;&#8221;] OG TELECOM s&#8217;engage \u00e0 offrir des solutions de communication de pointe pour les entreprises de toutes tailles. Nous proposons des services complets de fourniture&hellip;<\/p>\n","protected":false},"author":1,"featured_media":0,"parent":0,"menu_order":0,"comment_status":"closed","ping_status":"closed","template":"template-fullwidth.php","meta":{"footnotes":""},"class_list":["post-1322","page","type-page","status-publish","hentry","no-thumb"],"_links":{"self":[{"href":"https:\/\/og-telecom.net\/index.php\/wp-json\/wp\/v2\/pages\/1322","targetHints":{"allow":["GET"]}}],"collection":[{"href":"https:\/\/og-telecom.net\/index.php\/wp-json\/wp\/v2\/pages"}],"about":[{"href":"https:\/\/og-telecom.net\/index.php\/wp-json\/wp\/v2\/types\/page"}],"author":[{"embeddable":true,"href":"https:\/\/og-telecom.net\/index.php\/wp-json\/wp\/v2\/users\/1"}],"replies":[{"embeddable":true,"href":"https:\/\/og-telecom.net\/index.php\/wp-json\/wp\/v2\/comments?post=1322"}],"version-history":[{"count":12,"href":"https:\/\/og-telecom.net\/index.php\/wp-json\/wp\/v2\/pages\/1322\/revisions"}],"predecessor-version":[{"id":3197,"href":"https:\/\/og-telecom.net\/index.php\/wp-json\/wp\/v2\/pages\/1322\/revisions\/3197"}],"wp:attachment":[{"href":"https:\/\/og-telecom.net\/index.php\/wp-json\/wp\/v2\/media?parent=1322"}],"curies":[{"name":"wp","href":"https:\/\/api.w.org\/{rel}","templated":true}]}}